{"id":7940,"date":"2021-03-05T16:26:38","date_gmt":"2021-03-05T16:26:38","guid":{"rendered":"https:\/\/www.ncbinternational.net\/privacy-contatti\/"},"modified":"2021-07-05T10:25:42","modified_gmt":"2021-07-05T10:25:42","slug":"privacy-contact","status":"publish","type":"page","link":"https:\/\/www.ncbinternational.net\/en\/privacy-contact\/","title":{"rendered":"Privacy Contact"},"content":{"rendered":"[vc_row type=&#8221;in_container&#8221; full_screen_row_position=&#8221;middle&#8221; column_margin=&#8221;default&#8221; column_direction=&#8221;default&#8221; column_direction_tablet=&#8221;default&#8221; column_direction_phone=&#8221;default&#8221; scene_position=&#8221;center&#8221; text_color=&#8221;dark&#8221; text_align=&#8221;left&#8221; row_border_radius=&#8221;none&#8221; row_border_radius_applies=&#8221;bg&#8221; overlay_strength=&#8221;0.3&#8243; gradient_direction=&#8221;left_to_right&#8221; shape_divider_position=&#8221;bottom&#8221; bg_image_animation=&#8221;none&#8221;][vc_column column_padding=&#8221;no-extra-padding&#8221; column_padding_tablet=&#8221;inherit&#8221; column_padding_phone=&#8221;inherit&#8221; column_padding_position=&#8221;all&#8221; background_color_opacity=&#8221;1&#8243; background_hover_color_opacity=&#8221;1&#8243; column_shadow=&#8221;none&#8221; column_border_radius=&#8221;none&#8221; column_link_target=&#8221;_self&#8221; gradient_direction=&#8221;left_to_right&#8221; overlay_strength=&#8221;0.3&#8243; width=&#8221;1\/4&#8243; tablet_width_inherit=&#8221;default&#8221; tablet_text_alignment=&#8221;default&#8221; phone_text_alignment=&#8221;default&#8221; column_border_width=&#8221;none&#8221; column_border_style=&#8221;solid&#8221; bg_image_animation=&#8221;none&#8221;][\/vc_column][vc_column column_padding=&#8221;no-extra-padding&#8221; column_padding_tablet=&#8221;inherit&#8221; column_padding_phone=&#8221;inherit&#8221; column_padding_position=&#8221;all&#8221; background_color_opacity=&#8221;1&#8243; background_hover_color_opacity=&#8221;1&#8243; column_shadow=&#8221;none&#8221; column_border_radius=&#8221;none&#8221; column_link_target=&#8221;_self&#8221; gradient_direction=&#8221;left_to_right&#8221; overlay_strength=&#8221;0.3&#8243; width=&#8221;1\/2&#8243; tablet_width_inherit=&#8221;default&#8221; tablet_text_alignment=&#8221;default&#8221; phone_text_alignment=&#8221;default&#8221; column_border_width=&#8221;none&#8221; column_border_style=&#8221;solid&#8221; bg_image_animation=&#8221;none&#8221;][vc_column_text]\n<h2><span style=\"color: #d10113;\"><strong>Informativa sul Trattamento dei Dati Personali \u2013 Contatti<\/strong><\/span><\/h2>\n<p>In osservanza di quanto previsto dal Regolamento UE 2016\/679 \u2013 GDPR e del D. LGS. 196\/2003, cos\u00ec come novellato dal D. Lgs. 101\/2018 e relativa normativa nazionale di adeguamento, forniamo all\u2019Interessato le dovute informazioni in ordine alle finalit\u00e0 e modalit\u00e0 del trattamento dei dati personali per ci\u00f2 che concerne i dati rilasciati nel modulo Contatti di questo sito web, nonch\u00e9 l\u2019eventuale ambito di comunicazione e diffusione degli stessi.<\/p>\n<p>Il trattamento dei dati \u00e8 improntato ai principi di correttezza, liceit\u00e0 e trasparenza, limitazione delle finalit\u00e0 e della conservazione, minimizzazione, esattezza, tutela con ogni mezzo legittimo dell\u2019integrit\u00e0, riservatezza e dei diritti previsti.<\/p>\n<p>1.\u00a0<strong>Titolare del Trattamento (Responsabile e Incaricati)<\/strong><\/p>\n<p>Il Titolare del Trattamento \u00e8\u00a0<strong>NCB International<\/strong>, con sede Via Confin, 65, 30020 Torre di Mosto (Venezia)\u00a0Italy<a href=\"mailto:info@ncbinternational.net\"><\/a>, contattabile all\u2019indirizzo <a href=\"mailto:info@ncbinternational.net\">info@ncbinternational.net<\/a> o attraverso uno dei contatti presenti nel sito web, da ora indicata come Societ\u00e0.<\/p>\n<p>Le operazioni di trattamento saranno effettuate da Incaricati designati dal Titolare del Trattamento, i quali operano sotto la sua diretta autorit\u00e0 nel rispetto delle istruzioni ricevute.<\/p>\n<p>2.\u00a0<strong>Finalit\u00e0<\/strong><\/p>\n<p>Informiamo l\u2019Interessato che i dati personali, volontariamente forniti attraverso la compilazione on-line dei campi del modulo Contatti, saranno trattati esclusivamente per l\u2019attivit\u00e0 di risposta ed invio di informazioni per quanto dallo stesso richiesto e per finalit\u00e0 di legittimo interesse del Titolare del Trattamento.<\/p>\n<p>Trattamenti dei dati per finalit\u00e0 diverse da quelle qui specificate non saranno effettuati se non previo consenso esplicito dell\u2019Interessato e consegna della relativa informativa.<\/p>\n<p>3.\u00a0<strong>Natura del conferimento dei dati<\/strong><\/p>\n<p>Il conferimento dei dati nei campi del modulo Contatti \u00e8 facoltativo ad esclusione di quelli indicati come obbligatori. Quest\u2019ultimi, infatti, sono necessari al raggiungimento delle finalit\u00e0 ed il rifiuto dell\u2019Interessato a fornirli determiner\u00e0 per il Titolare del Trattamento e relativi Incaricati \u00a0l\u2019impossibilit\u00e0 di inviare le risposte e le informazioni richieste.<\/p>\n<p>4.\u00a0<strong>Modalit\u00e0 del Trattamento<\/strong><\/p>\n<p>I dati verranno trattati con strumenti informatici nel rispetto delle misure di sicurezza previste dalla normativa vigente.<\/p>\n<p>I dati personali forniti dall\u2019Interessato mediante la compilazione on-line dei campi del modulo Contatti in occasione dell\u2019invio delle relative richieste, saranno conservati nel relativo applicativo esclusivamente per gli scopi sopra indicati.<\/p>\n<p>Ai fini del presente paragrafo, il Titolare del Trattamento si impegna a osservare specifiche misure di sicurezza per prevenire la perdita dei dati, usi illeciti o non corretti e accessi non autorizzati, nel pieno rispetto delle norme di legge e dei regolamenti.<\/p>\n<p>5.\u00a0<strong>Liceit\u00e0<\/strong><\/p>\n<p>L\u2019Interessato deve esprimere il consenso al trattamento dei propri dati personali per le finalit\u00e0 previste dalla presente Informativa per poter ricevere le informazioni richieste.<\/p>\n<p>6.\u00a0<strong>Comunicazione dei dati a terzi<\/strong><\/p>\n<p>I dati raccolti e trattati in riferimento a questa informativa non vengono comunicati a terze parti.<\/p>\n<p>7.\u00a0<strong>Tempi della conservazione<\/strong><\/p>\n<p>I dati saranno archiviati per la durata di 2 anni dopo l\u2019ultimo contatto, a meno che lo stoccaggio pi\u00f9 lungo sia legalmente consentito per altri motivi o per il legittimo interesse del Titolare del Trattamento.<\/p>\n<p>8.\u00a0<strong>Diritti dell\u2019Interessato<\/strong><\/p>\n<p>L\u2019interessato ha diritto di:<\/p>\n<ul>\n<li>Ottenere conferma dell\u2019esistenza, contenuto e provenienza di dati personali che lo riguardano, anche se non ancora registrati, e la loro comunicazione senza ritardo in forma intelligibile.<\/li>\n<li>Richiedere informazioni, per iscritto, sui suoi dati personali da noi memorizzati (es: origine, finalit\u00e0, modalit\u00e0, categorie, logica applicata, periodo di conservazione, diritti, dati identificativi del Titolare del Trattamento, soggetti o categorie a cui possono essere comunicati i dati).<\/li>\n<li>Revocare il consenso al trattamento dei suoi dati.<\/li>\n<li>Cancellare i suoi dati.<\/li>\n<li>Trasformare e\/o limitare o bloccare i dati trattati in violazione di legge.<\/li>\n<li>Aggiornare, rettificare o integrare i suoi dati.<\/li>\n<li>Ottenere i suoi dati personali, forniti al Titolare del Trattamento, in modo da poterli trasmettere ad altro Titolare del Trattamento.<\/li>\n<li>Avere l\u2019attestazione che le operazioni predette sono state portate a conoscenza di coloro ai quali i dati sono stati comunicati, eccettuato il caso in cui tale adempimento si riveli impossibile o comporti un impiego di mezzi sproporzionato rispetto al diritto tutelato;<\/li>\n<li>Opporsi, in tutto o in parte, per motivi legittimi, al trattamento dei dati personali che lo riguardano, ancorch\u00e9 pertinenti allo scopo della raccolta.<\/li>\n<li>Proporre reclamo all\u2019Autorit\u00e0 Garante per la Privacy ( www.garanteprivacy.it ).<\/li>\n<\/ul>\n<p>Per ulteriori informazioni sui diritti sulla privacy invitiamo l\u2019Interessato a visitare il sito web dell\u2019Autorit\u00e0 Garante:\u00a0<a target=\"_blank\" href=\"http:\/\/www.garanteprivacy.it\/\" rel=\"noopener\">www.garanteprivacy.it<\/a>\u00a0.<\/p>\n<p>L\u2019Interessato che vuole esercitare un suo diritto deve utilizzare i contatti del Titolare del Trattamento.[\/vc_column_text][\/vc_column][vc_column column_padding=&#8221;no-extra-padding&#8221; column_padding_tablet=&#8221;inherit&#8221; column_padding_phone=&#8221;inherit&#8221; column_padding_position=&#8221;all&#8221; background_color_opacity=&#8221;1&#8243; background_hover_color_opacity=&#8221;1&#8243; column_shadow=&#8221;none&#8221; column_border_radius=&#8221;none&#8221; column_link_target=&#8221;_self&#8221; gradient_direction=&#8221;left_to_right&#8221; overlay_strength=&#8221;0.3&#8243; width=&#8221;1\/4&#8243; tablet_width_inherit=&#8221;default&#8221; tablet_text_alignment=&#8221;default&#8221; phone_text_alignment=&#8221;default&#8221; column_border_width=&#8221;none&#8221; column_border_style=&#8221;solid&#8221; bg_image_animation=&#8221;none&#8221;][\/vc_column][\/vc_row]\n","protected":false},"excerpt":{"rendered":"<p>[vc_row type=&#8221;in_container&#8221; full_screen_row_position=&#8221;middle&#8221; column_margin=&#8221;default&#8221; column_direction=&#8221;default&#8221; column_direction_tablet=&#8221;default&#8221; column_direction_phone=&#8221;default&#8221; scene_position=&#8221;center&#8221; text_color=&#8221;dark&#8221; text_align=&#8221;left&#8221; row_border_radius=&#8221;none&#8221; row_border_radius_applies=&#8221;bg&#8221; overlay_strength=&#8221;0.3&#8243; gradient_direction=&#8221;left_to_right&#8221; shape_divider_position=&#8221;bottom&#8221; bg_image_animation=&#8221;none&#8221;][vc_column column_padding=&#8221;no-extra-padding&#8221; column_padding_tablet=&#8221;inherit&#8221; column_padding_phone=&#8221;inherit&#8221; column_padding_position=&#8221;all&#8221; background_color_opacity=&#8221;1&#8243; background_hover_color_opacity=&#8221;1&#8243; column_shadow=&#8221;none&#8221; column_border_radius=&#8221;none&#8221; column_link_target=&#8221;_self&#8221;&#8230;<\/p>\n","protected":false},"author":1,"featured_media":0,"parent":0,"menu_order":16,"comment_status":"closed","ping_status":"closed","template":"","meta":[],"_links":{"self":[{"href":"https:\/\/www.ncbinternational.net\/en\/wp-json\/wp\/v2\/pages\/7940"}],"collection":[{"href":"https:\/\/www.ncbinternational.net\/en\/wp-json\/wp\/v2\/pages"}],"about":[{"href":"https:\/\/www.ncbinternational.net\/en\/wp-json\/wp\/v2\/types\/page"}],"author":[{"embeddable":true,"href":"https:\/\/www.ncbinternational.net\/en\/wp-json\/wp\/v2\/users\/1"}],"replies":[{"embeddable":true,"href":"https:\/\/www.ncbinternational.net\/en\/wp-json\/wp\/v2\/comments?post=7940"}],"version-history":[{"count":1,"href":"https:\/\/www.ncbinternational.net\/en\/wp-json\/wp\/v2\/pages\/7940\/revisions"}],"predecessor-version":[{"id":7941,"href":"https:\/\/www.ncbinternational.net\/en\/wp-json\/wp\/v2\/pages\/7940\/revisions\/7941"}],"wp:attachment":[{"href":"https:\/\/www.ncbinternational.net\/en\/wp-json\/wp\/v2\/media?parent=7940"}],"curies":[{"name":"wp","href":"https:\/\/api.w.org\/{rel}","templated":true}]}}